{"id":31960,"date":"2022-12-14T01:59:58","date_gmt":"2022-12-14T01:59:58","guid":{"rendered":"https:\/?post_type=product&#038;p=31960"},"modified":"2023-05-01T20:36:02","modified_gmt":"2023-05-01T20:36:02","slug":"unidad-de-estado-solido-ssd-240-gb","status":"publish","type":"product","link":"https:\/\/mayoreo.tiendaceimex.com\/?product=unidad-de-estado-solido-ssd-240-gb","title":{"rendered":"Unidad de estado s\u00f3lido (SSD) 240 Gb"},"content":{"rendered":"<p>Alcanza velocidades de lectura y escritura de hasta 520 y 450 MB\/s, respectivamente, Velocidad de transferencia de datos 6 Gbit\/s, consiguiendo arranques, transferencias de archivos y descargas m\u00e1s homog\u00e9neos y r\u00e1pidos.<br \/>\nPuede detectar y corregir errores para garantizar la integridad de los datos y, por lo tanto, disfrutar de una vida \u00fatil prolongada.<br \/>\nFuncionan de forma silenciosa y consumen menos energ\u00eda.<br \/>\nSon m\u00e1s resistentes a impactos, vibraciones (1500 G\/0,5 ms) y temperaturas extremas (0 \u00b0C-70 \u00b0C)<\/p>\n","protected":false},"excerpt":{"rendered":"<p>Alcanza velocidades de lectura y escritura de hasta 520 y 450 MB\/s, respectivamente, Velocidad de transferencia de datos 6 Gbit\/s,<\/p>\n","protected":false},"featured_media":31961,"comment_status":"open","ping_status":"closed","template":"","meta":[],"product_brand":[],"product_cat":[226],"product_tag":[],"class_list":{"0":"post-31960","1":"product","2":"type-product","3":"status-publish","4":"has-post-thumbnail","6":"product_cat-almacenamiento","8":"first","9":"instock","10":"sale","11":"shipping-taxable","12":"purchasable","13":"product-type-simple"},"_links":{"self":[{"href":"https:\/\/mayoreo.tiendaceimex.com\/index.php?rest_route=\/wp\/v2\/product\/31960","targetHints":{"allow":["GET"]}}],"collection":[{"href":"https:\/\/mayoreo.tiendaceimex.com\/index.php?rest_route=\/wp\/v2\/product"}],"about":[{"href":"https:\/\/mayoreo.tiendaceimex.com\/index.php?rest_route=\/wp\/v2\/types\/product"}],"replies":[{"embeddable":true,"href":"https:\/\/mayoreo.tiendaceimex.com\/index.php?rest_route=%2Fwp%2Fv2%2Fcomments&post=31960"}],"wp:featuredmedia":[{"embeddable":true,"href":"https:\/\/mayoreo.tiendaceimex.com\/index.php?rest_route=\/wp\/v2\/media\/31961"}],"wp:attachment":[{"href":"https:\/\/mayoreo.tiendaceimex.com\/index.php?rest_route=%2Fwp%2Fv2%2Fmedia&parent=31960"}],"wp:term":[{"taxonomy":"product_brand","embeddable":true,"href":"https:\/\/mayoreo.tiendaceimex.com\/index.php?rest_route=%2Fwp%2Fv2%2Fproduct_brand&post=31960"},{"taxonomy":"product_cat","embeddable":true,"href":"https:\/\/mayoreo.tiendaceimex.com\/index.php?rest_route=%2Fwp%2Fv2%2Fproduct_cat&post=31960"},{"taxonomy":"product_tag","embeddable":true,"href":"https:\/\/mayoreo.tiendaceimex.com\/index.php?rest_route=%2Fwp%2Fv2%2Fproduct_tag&post=31960"}],"curies":[{"name":"wp","href":"https:\/\/api.w.org\/{rel}","templated":true}]}}